{"id":78,"date":"2023-05-29T12:33:05","date_gmt":"2023-05-29T16:33:05","guid":{"rendered":"http:\/\/ayuntamiento.guineo\/transparencia\/?page_id=78"},"modified":"2025-08-05T11:47:05","modified_gmt":"2025-08-05T15:47:05","slug":"definicion-oaim-oficina-de-acceso-a-la-informacion-municipal","status":"publish","type":"page","link":"https:\/\/ayuntamientopostrerrio.gob.do\/transparencia\/definicion-oaim-oficina-de-acceso-a-la-informacion-municipal\/","title":{"rendered":"Definici\u00f3n OAIM (Oficina de Acceso a la Informaci\u00f3n Municipal)"},"content":{"rendered":"<p>El Ayuntamiento Municipal de postrer Rio, en cumplimiento de la Ley 200-04, o Ley de Acceso a la Informaci\u00f3n P\u00fablica, pone en l\u00ednea y a disposici\u00f3n la Oficina de Acceso a la Informaci\u00f3n P\u00fablica para hacer consultas o solicitar informaci\u00f3n.<\/p>\n<p>En fecha\u00a0 28 de Julio de 2004 fue aprobada esta ley y su objetivo es garantizar el derecho de toda persona a solicitar y recibir informaci\u00f3n efectiva, veraz y oportuna sobre todos los actos y actividades de los organismos y entidades centralizados, descentralizados, aut\u00e1rquicos, incluyendo tanto el Poder Ejecutivo como el Judicial.<\/p>\n<p>El objetivo de la <strong>OAI<\/strong>\u00a0 es el de apoyar a entidades y personas tanto publicas como privadas mediante las informaciones solicitadas.<\/p>\n<ul>\n<li><strong style=\"font-size: revert;color: initial\">Visi\u00f3n<\/strong><\/li>\n<\/ul>\n<p>Dar sost\u00e9n a los valores de transparencia, eficiencia, eficacia, calidad y trabajo en equipo del Ayuntamiento Municipal de Postrer Rio.<\/p>\n<ul>\n<li><strong style=\"font-size: revert;color: initial\">Misi\u00f3n<\/strong><\/li>\n<\/ul>\n<p>Garantizar el acceso de los ciudadanos a la informaci\u00f3n sobre la gesti\u00f3n del Ayuntamiento Municipal, como una forma de aceptar la transparencia de la instituci\u00f3n.<\/p>\n<p>El Responsable de Acceso a la Informaci\u00f3n, es el responsable de tramitar y facilitar las informaciones requeridas y de ser el canal de comunicaci\u00f3n entre la instituci\u00f3n, ciudadanos y ciudadanas.<\/p>\n<p style=\"text-align: center\">\n<p style=\"text-align: center\"><span style=\"text-decoration: underline\"><em><strong><span style=\"background-color: #ffffff;color: #000000;text-decoration: underline\">RAIDEL Y. FERRERAS P.<\/span><\/strong><\/em><\/span><\/p>\n<p style=\"text-align: center\"><span style=\"text-decoration: underline\"><em><strong>OAIM<\/strong><\/em><\/span><\/p>\n","protected":false},"excerpt":{"rendered":"El Ayuntamiento Municipal de postrer Rio, en cumplimiento de la Ley 200-04, o Ley de Acceso a la Informaci\u00f3n P\u00fablica, pone en l\u00ednea y a disposici\u00f3n la Oficina de Acceso a la Informaci\u00f3n P\u00fablica para hacer consultas o solicitar informaci\u00f3n. En fecha\u00a0 28 de Julio de 2004 fue aprobada esta ley y su objetivo es&#8230;","protected":false},"author":1,"featured_media":0,"parent":0,"menu_order":0,"comment_status":"closed","ping_status":"closed","template":"","meta":[],"_links":{"self":[{"href":"https:\/\/ayuntamientopostrerrio.gob.do\/transparencia\/wp-json\/wp\/v2\/pages\/78"}],"collection":[{"href":"https:\/\/ayuntamientopostrerrio.gob.do\/transparencia\/wp-json\/wp\/v2\/pages"}],"about":[{"href":"https:\/\/ayuntamientopostrerrio.gob.do\/transparencia\/wp-json\/wp\/v2\/types\/page"}],"author":[{"embeddable":true,"href":"https:\/\/ayuntamientopostrerrio.gob.do\/transparencia\/wp-json\/wp\/v2\/users\/1"}],"replies":[{"embeddable":true,"href":"https:\/\/ayuntamientopostrerrio.gob.do\/transparencia\/wp-json\/wp\/v2\/comments?post=78"}],"version-history":[{"count":8,"href":"https:\/\/ayuntamientopostrerrio.gob.do\/transparencia\/wp-json\/wp\/v2\/pages\/78\/revisions"}],"predecessor-version":[{"id":1078,"href":"https:\/\/ayuntamientopostrerrio.gob.do\/transparencia\/wp-json\/wp\/v2\/pages\/78\/revisions\/1078"}],"wp:attachment":[{"href":"https:\/\/ayuntamientopostrerrio.gob.do\/transparencia\/wp-json\/wp\/v2\/media?parent=78"}],"curies":[{"name":"wp","href":"https:\/\/api.w.org\/{rel}","templated":true}]}}