{"id":258,"date":"2018-01-22T10:17:40","date_gmt":"2018-01-22T14:17:40","guid":{"rendered":"http:\/\/ayuntamiento.o\/transparencia\/?page_id=258"},"modified":"2025-08-11T12:12:24","modified_gmt":"2025-08-11T16:12:24","slug":"responsable-de-acceso-a-la-informacion","status":"publish","type":"page","link":"https:\/\/ayuntamientopostrerrio.gob.do\/transparencia\/responsable-de-acceso-a-la-informacion\/","title":{"rendered":"Responsable de Acceso a la Informaci\u00f3n"},"content":{"rendered":"\n<p>\u00a0<\/p>\n<p><strong>Carolin Nicole<\/strong> Morillo Ogando<\/p>\n<p><span style=\"color: #339966\">Responsable de libre acceso a la informaci\u00f3n<\/span><\/p>\n<p><strong>Cel:<\/strong> 809-904-0369<\/p>\n<p style=\"text-align: left\"><strong>Correo:<\/strong> ayuntamientopostrerrio@gmail.com<\/p>\n<p>Direcci\u00f3n: <strong><em>Calle Wenceslao D\u00e1vila Esquina Gregorio Luper\u00f3n #01. Postrer Rio, independencia. Rep\u00fablica Dominicana<\/em><\/strong><\/p>\n\n\n\n\n\n<figure class=\"wp-block-image size-large\"><img decoding=\"async\" loading=\"lazy\" width=\"700\" height=\"1181\" src=\"http:\/\/ayuntamientopostrerrio.gob.do\/transparencia\/wp-content\/uploads\/2025\/08\/WhatsApp-Image-2025-08-05-at-11.33.32-AM-1-700x1181.jpeg\" alt=\"\" class=\"wp-image-1081\" srcset=\"https:\/\/ayuntamientopostrerrio.gob.do\/transparencia\/wp-content\/uploads\/2025\/08\/WhatsApp-Image-2025-08-05-at-11.33.32-AM-1-700x1181.jpeg 700w, https:\/\/ayuntamientopostrerrio.gob.do\/transparencia\/wp-content\/uploads\/2025\/08\/WhatsApp-Image-2025-08-05-at-11.33.32-AM-1-250x422.jpeg 250w, https:\/\/ayuntamientopostrerrio.gob.do\/transparencia\/wp-content\/uploads\/2025\/08\/WhatsApp-Image-2025-08-05-at-11.33.32-AM-1-768x1295.jpeg 768w, https:\/\/ayuntamientopostrerrio.gob.do\/transparencia\/wp-content\/uploads\/2025\/08\/WhatsApp-Image-2025-08-05-at-11.33.32-AM-1-911x1536.jpeg 911w, https:\/\/ayuntamientopostrerrio.gob.do\/transparencia\/wp-content\/uploads\/2025\/08\/WhatsApp-Image-2025-08-05-at-11.33.32-AM-1-120x202.jpeg 120w, https:\/\/ayuntamientopostrerrio.gob.do\/transparencia\/wp-content\/uploads\/2025\/08\/WhatsApp-Image-2025-08-05-at-11.33.32-AM-1.jpeg 948w\" sizes=\"(max-width: 700px) 100vw, 700px\" \/><\/figure>\n","protected":false},"excerpt":{"rendered":"\u00a0 Carolin Nicole Morillo Ogando Responsable de libre acceso a la informaci\u00f3n Cel: 809-904-0369 Correo: ayuntamientopostrerrio@gmail.com Direcci\u00f3n: Calle Wenceslao D\u00e1vila Esquina Gregorio Luper\u00f3n #01. Postrer Rio, independencia. Rep\u00fablica Dominicana","protected":false},"author":1,"featured_media":0,"parent":0,"menu_order":0,"comment_status":"closed","ping_status":"closed","template":"","meta":[],"_links":{"self":[{"href":"https:\/\/ayuntamientopostrerrio.gob.do\/transparencia\/wp-json\/wp\/v2\/pages\/258"}],"collection":[{"href":"https:\/\/ayuntamientopostrerrio.gob.do\/transparencia\/wp-json\/wp\/v2\/pages"}],"about":[{"href":"https:\/\/ayuntamientopostrerrio.gob.do\/transparencia\/wp-json\/wp\/v2\/types\/page"}],"author":[{"embeddable":true,"href":"https:\/\/ayuntamientopostrerrio.gob.do\/transparencia\/wp-json\/wp\/v2\/users\/1"}],"replies":[{"embeddable":true,"href":"https:\/\/ayuntamientopostrerrio.gob.do\/transparencia\/wp-json\/wp\/v2\/comments?post=258"}],"version-history":[{"count":9,"href":"https:\/\/ayuntamientopostrerrio.gob.do\/transparencia\/wp-json\/wp\/v2\/pages\/258\/revisions"}],"predecessor-version":[{"id":1088,"href":"https:\/\/ayuntamientopostrerrio.gob.do\/transparencia\/wp-json\/wp\/v2\/pages\/258\/revisions\/1088"}],"wp:attachment":[{"href":"https:\/\/ayuntamientopostrerrio.gob.do\/transparencia\/wp-json\/wp\/v2\/media?parent=258"}],"curies":[{"name":"wp","href":"https:\/\/api.w.org\/{rel}","templated":true}]}}